{"id":3,"date":"2024-12-30T17:18:42","date_gmt":"2024-12-30T17:18:42","guid":{"rendered":"https:\/\/restauranteaasm.com\/?page_id=3"},"modified":"2025-05-06T15:05:28","modified_gmt":"2025-05-06T16:05:28","slug":"cookies-policy","status":"publish","type":"page","link":"https:\/\/terautorent.pt\/en\/cookies-policy\/","title":{"rendered":"Pol\u00edtica de cookies"},"content":{"rendered":"<div data-elementor-type=\"wp-page\" data-elementor-id=\"3\" class=\"elementor elementor-3\" data-elementor-post-type=\"page\">\n\t\t\t\t<div class=\"elementor-element elementor-element-e8be668 e-flex e-con-boxed e-con e-parent\" data-id=\"e8be668\" data-element_type=\"container\" data-settings=\"{&quot;background_background&quot;:&quot;classic&quot;,&quot;shape_divider_bottom&quot;:&quot;pyramids&quot;,&quot;shape_divider_bottom_negative&quot;:&quot;yes&quot;}\">\n\t\t\t\t\t<div class=\"e-con-inner\">\n\t\t\t\t<div class=\"elementor-shape elementor-shape-bottom\" data-negative=\"true\">\n\t\t\t<svg xmlns=\"http:\/\/www.w3.org\/2000\/svg\" viewbox=\"0 0 1000 100\" preserveaspectratio=\"none\">\n\t<path class=\"elementor-shape-fill\" d=\"M761.9,40.6L643.1,24L333.9,93.8L0.1,1H0v99h1000V1\"\/>\n<\/svg>\t\t<\/div>\n\t\t\t\t<div class=\"elementor-element elementor-element-52af4ea elementor-widget__width-initial elementor-widget-laptop__width-initial elementor-widget-tablet_extra__width-initial elementor-widget-tablet__width-initial elementor-invisible elementor-widget elementor-widget-heading\" data-id=\"52af4ea\" data-element_type=\"widget\" data-settings=\"{&quot;_animation&quot;:&quot;fadeInUp&quot;}\" data-widget_type=\"heading.default\">\n\t\t\t\t<div class=\"elementor-widget-container\">\n\t\t\t\t\t<h1 class=\"elementor-heading-title elementor-size-default\">Cookies Policy<\/h1>\t\t\t\t<\/div>\n\t\t\t\t<\/div>\n\t\t\t\t\t<\/div>\n\t\t\t\t<\/div>\n\t\t<div class=\"elementor-element elementor-element-ad98d60 e-flex e-con-boxed e-con e-parent\" data-id=\"ad98d60\" data-element_type=\"container\" data-settings=\"{&quot;background_background&quot;:&quot;classic&quot;}\">\n\t\t\t\t\t<div class=\"e-con-inner\">\n\t\t\t\t<div class=\"elementor-element elementor-element-ce00840 elementor-widget elementor-widget-text-editor\" data-id=\"ce00840\" data-element_type=\"widget\" data-widget_type=\"text-editor.default\">\n\t\t\t\t<div class=\"elementor-widget-container\">\n\t\t\t\t\t\t\t\t\t<p>This website uses cookies to improve its service.<\/p>\t\t\t\t\t\t\t\t<\/div>\n\t\t\t\t<\/div>\n\t\t\t\t\t<\/div>\n\t\t\t\t<\/div>\n\t\t<div class=\"elementor-element elementor-element-0d39ed4 e-flex e-con-boxed e-con e-parent\" data-id=\"0d39ed4\" data-element_type=\"container\">\n\t\t\t\t\t<div class=\"e-con-inner\">\n\t\t\t\t<div class=\"elementor-element elementor-element-1afe57f elementor-widget elementor-widget-heading\" data-id=\"1afe57f\" data-element_type=\"widget\" data-widget_type=\"heading.default\">\n\t\t\t\t<div class=\"elementor-widget-container\">\n\t\t\t\t\t<h2 class=\"elementor-heading-title elementor-size-default\">1 \u2013 WHAT ARE COOKIES?<\/h2>\t\t\t\t<\/div>\n\t\t\t\t<\/div>\n\t\t\t\t<div class=\"elementor-element elementor-element-0bf7783 elementor-widget elementor-widget-text-editor\" data-id=\"0bf7783\" data-element_type=\"widget\" data-widget_type=\"text-editor.default\">\n\t\t\t\t<div class=\"elementor-widget-container\">\n\t\t\t\t\t\t\t\t\t<p class=\"translation-block\">The cookies are small text files that a website, when visited by the user, places on their computer or mobile device through the internet browser (browser). The placement of cookies will help the site to recognize your device the next time the user visits it.<\/p><p class=\"translation-block\">We use the term in this policy to refer to all files that collect information in this way. Some cookies are essential to ensure the functionalities provided, while others are intended to improve performance and user experience. You should not continue to access our website after the cookie alert if you do not agree to their use.<\/p><p>We use the CookieYes plugin, which stores a log with the date, time and which option you selected to allow cookies during your visit to our website.<\/p>\t\t\t\t\t\t\t\t<\/div>\n\t\t\t\t<\/div>\n\t\t\t\t\t<\/div>\n\t\t\t\t<\/div>\n\t\t<div class=\"elementor-element elementor-element-20c4869 e-flex e-con-boxed e-con e-parent\" data-id=\"20c4869\" data-element_type=\"container\">\n\t\t\t\t\t<div class=\"e-con-inner\">\n\t\t\t\t<div class=\"elementor-element elementor-element-4a93736 elementor-widget elementor-widget-heading\" data-id=\"4a93736\" data-element_type=\"widget\" data-widget_type=\"heading.default\">\n\t\t\t\t<div class=\"elementor-widget-container\">\n\t\t\t\t\t<h2 class=\"elementor-heading-title elementor-size-default\">2 - ACCEPT<\/h2>\t\t\t\t<\/div>\n\t\t\t\t<\/div>\n\t\t\t\t<div class=\"elementor-element elementor-element-7965742 elementor-widget elementor-widget-text-editor\" data-id=\"7965742\" data-element_type=\"widget\" data-widget_type=\"text-editor.default\">\n\t\t\t\t<div class=\"elementor-widget-container\">\n\t\t\t\t\t\t\t\t\t<p class=\"translation-block\">You may at any time choose to accept or refuse the installation of cookies on your terminal by configuring the navigation software.<\/p><p class=\"translation-block\"><b>2.1<\/b> If you accept cookies<br>\nThe registration of a cookie on your terminal depends on your will. At any time, you will be able to express and modify your choice free of charge through the options provided by your navigation software.<\/p><p>If you have accepted the recording of cookies on your terminal in the browser software you are using, the cookies integrated into the pages and contents you have consulted may be temporarily stored in a specific space on your terminal. There, they will only be readable by the issuer.<\/p><p class=\"translation-block\"><b>2.2<\/b> What is the point of accepting cookies?<br>\nWhen you visit this website, these cookies will record certain information that is stored in your terminal. This information serves, in particular, to offer you products based on the items you have already selected during your previous visits, and thus allow you to benefit from better navigation on our Site.<\/p><p class=\"translation-block\">We use the term in this policy to refer to all files that collect information in this way. Some cookies are essential to ensure the functionalities provided, while others are intended to improve performance and user experience. You should not continue to access our website after the cookie alert if you do not agree to their use.<\/p>\t\t\t\t\t\t\t\t<\/div>\n\t\t\t\t<\/div>\n\t\t\t\t\t<\/div>\n\t\t\t\t<\/div>\n\t\t<div class=\"elementor-element elementor-element-0c237f1 e-flex e-con-boxed e-con e-parent\" data-id=\"0c237f1\" data-element_type=\"container\">\n\t\t\t\t\t<div class=\"e-con-inner\">\n\t\t\t\t<div class=\"elementor-element elementor-element-58945a3 elementor-widget elementor-widget-heading\" data-id=\"58945a3\" data-element_type=\"widget\" data-widget_type=\"heading.default\">\n\t\t\t\t<div class=\"elementor-widget-container\">\n\t\t\t\t\t<h2 class=\"elementor-heading-title elementor-size-default\">3 \u2013 REFUSE COOKIES<\/h2>\t\t\t\t<\/div>\n\t\t\t\t<\/div>\n\t\t\t\t<div class=\"elementor-element elementor-element-2eeab2f elementor-widget elementor-widget-text-editor\" data-id=\"2eeab2f\" data-element_type=\"widget\" data-widget_type=\"text-editor.default\">\n\t\t\t\t<div class=\"elementor-widget-container\">\n\t\t\t\t\t\t\t\t\t<p class=\"translation-block\"><b>3.1<\/b> If you refuse cookies<br>\nWhen you refuse cookies, we install however a cookie of \u201crefusal\u201d \u201c. This cookie allows us to remember your choice, so as to avoid asking you on each visit whether you wish to accept or refuse cookies.<\/p><p class=\"translation-block\"><b>3.2<\/b> Configuration of your browser<br>\nThe configuration of cookie management depends on each browser and is present in the help menu of your browser.<br><br><br><\/p><div><div><div><div><div class=\"translation-block\"><b>In Internet Explorer<\/b><br>\nTo customize settings relating to cookies for a web page<br>\nIn Internet Explorer, click the Tools button and then Internet Options.<br>\nClick the Privacy tab and then Sites.<br>\nIn the Web Site Address space, enter the full address (URL) of the web page whose privacy settings you want to customize.<br>\nFor example, http:\/\/www.microsoft.com.<br>\nTo allow the registration of cookies from the specified web page on your computer, click Allow. <br>To prohibit the registration of cookies from the specified web page on your computer, click Block.<br>\nRepeat steps 3 and 4 for each web page you want to block or allow. When finished, click OK twice.<\/div><\/div><\/div><\/div><\/div><div>\u00a0<\/div><div><div><div><div><div class=\"translation-block\"><b>In Safari<br><\/b>Go to Preferences, click on the Privacy panel and then Manage Cookies.<\/div><\/div><\/div><\/div><\/div><div>\u00a0<\/div><div><div><div><div><div class=\"translation-block\"><b>In Chrome<br><\/b>\nClick on the Chrome menu located in the browser toolbar.<br>\nSelect Settings.<br>\nClick on Show advanced settings.<br>\nIn the \u201cPrivacy\u201d section , click on the Content settings button.<br>\nIn the \u201cCookies\u201d section you can modify the following settings:<br>\nDelete cookies<br>\nBlock cookies by default<br>\nAllow cookies by default<br>\nCreate exceptions for website cookies or specific domains.<\/div><\/div><\/div><\/div><\/div><div>\u00a0<\/div><div><div><div><div><div class=\"translation-block\"><b>In Firefox<br><\/b>\nClick the Tools button and then Options.<br>\nClick the Privacy tab.<br>\nIn History, select \u201cUse custom settings for history.\u201d.<br>\nCheck the \u201caccept cookies\u201d box and click on exceptions to choose the websites that will or will not have permission to install cookies on your terminal.<\/div><\/div><\/div><\/div><\/div><div>\u00a0<\/div><div><div><div><div><div class=\"translation-block\"><b>In Opera<br><\/b>\nPreferences &gt; Advanced&gt; Cookies\u00a0<br>\nCookie preferences allow you to control how Opera handles cookies. The default setting is to accept all cookies.\u00a0<br>\nAccept cookies\u00a0<br>\n\u2013 All cookies are accepted (by default)\u00a0<br>\nAccept cookies only from the site I visit\u00a0<br>\n\u2013 Third party cookies, from a domain outside the one you are visiting, will be refused\u00a0<br>\nNever accept cookies\u00a0<br>\n\u2013 All cookies will be refused<\/div><\/div><\/div><\/div><\/div>\t\t\t\t\t\t\t\t<\/div>\n\t\t\t\t<\/div>\n\t\t\t\t\t<\/div>\n\t\t\t\t<\/div>\n\t\t<div class=\"elementor-element elementor-element-242e17d e-flex e-con-boxed e-con e-parent\" data-id=\"242e17d\" data-element_type=\"container\">\n\t\t\t\t\t<div class=\"e-con-inner\">\n\t\t\t\t<div class=\"elementor-element elementor-element-1488b87 elementor-widget elementor-widget-heading\" data-id=\"1488b87\" data-element_type=\"widget\" data-widget_type=\"heading.default\">\n\t\t\t\t<div class=\"elementor-widget-container\">\n\t\t\t\t\t<h2 class=\"elementor-heading-title elementor-size-default\">4 - LEGAL NOTICE UPDATE<\/h2>\t\t\t\t<\/div>\n\t\t\t\t<\/div>\n\t\t\t\t<div class=\"elementor-element elementor-element-79f05a9 elementor-widget elementor-widget-text-editor\" data-id=\"79f05a9\" data-element_type=\"widget\" data-widget_type=\"text-editor.default\">\n\t\t\t\t<div class=\"elementor-widget-container\">\n\t\t\t\t\t\t\t\t\t<p>The Administration reserves the right to make any changes or corrections to this cookie notification. Please check this page regularly to review the information and check for updates.<\/p>\t\t\t\t\t\t\t\t<\/div>\n\t\t\t\t<\/div>\n\t\t\t\t\t<\/div>\n\t\t\t\t<\/div>\n\t\t<div class=\"elementor-element elementor-element-14b79f0 e-flex e-con-boxed e-con e-parent\" data-id=\"14b79f0\" data-element_type=\"container\">\n\t\t\t\t\t<div class=\"e-con-inner\">\n\t\t\t\t<div class=\"elementor-element elementor-element-b1b9da7 elementor-widget elementor-widget-text-editor\" data-id=\"b1b9da7\" data-element_type=\"widget\" data-widget_type=\"text-editor.default\">\n\t\t\t\t<div class=\"elementor-widget-container\">\n\t\t\t\t\t\t\t\t\t<p>This notice was updated on <b>2nd February 2025<\/b><\/p>\t\t\t\t\t\t\t\t<\/div>\n\t\t\t\t<\/div>\n\t\t\t\t\t<\/div>\n\t\t\t\t<\/div>\n\t\t\t\t<\/div>","protected":false},"excerpt":{"rendered":"<p>This website uses cookies to improve its service.<\/p>","protected":false},"author":1,"featured_media":193,"parent":0,"menu_order":8,"comment_status":"closed","ping_status":"closed","template":"elementor_header_footer","meta":{"footnotes":""},"class_list":["post-3","page","type-page","status-publish","has-post-thumbnail","hentry"],"yoast_head":"<!-- This site is optimized with the Yoast SEO plugin v25.0 - https:\/\/yoast.com\/wordpress\/plugins\/seo\/ -->\n<title>Pol\u00edtica de cookies - TERAUTO RENT - A\u00e7ores | Just drive!<\/title>\n<meta name=\"robots\" content=\"index, nofollow, max-snippet:-1, max-image-preview:large, max-video-preview:-1\" \/>\n<link rel=\"canonical\" href=\"https:\/\/terautorent.pt\/en\/cookies-policy\/\" \/>\n<meta property=\"og:locale\" content=\"en_GB\" \/>\n<meta property=\"og:type\" content=\"article\" \/>\n<meta property=\"og:title\" content=\"Pol\u00edtica de cookies - TERAUTO RENT - A\u00e7ores | Just drive!\" \/>\n<meta property=\"og:description\" content=\"Este website utiliza cookies para melhorar o seu servi\u00e7o.\" \/>\n<meta property=\"og:url\" content=\"https:\/\/terautorent.pt\/en\/cookies-policy\/\" \/>\n<meta property=\"og:site_name\" content=\"TERAUTO RENT - A\u00e7ores | Just drive!\" \/>\n<meta property=\"article:publisher\" content=\"https:\/\/www.facebook.com\/terautorent\" \/>\n<meta property=\"article:modified_time\" content=\"2025-05-06T16:05:28+00:00\" \/>\n<meta property=\"og:image\" content=\"https:\/\/terautorent.pt\/wp-content\/uploads\/2025\/04\/Terautorent-7.jpg\" \/>\n\t<meta property=\"og:image:width\" content=\"1920\" \/>\n\t<meta property=\"og:image:height\" content=\"1279\" \/>\n\t<meta property=\"og:image:type\" content=\"image\/jpeg\" \/>\n<meta name=\"twitter:card\" content=\"summary_large_image\" \/>\n<meta name=\"twitter:label1\" content=\"Estimated reading time\" \/>\n\t<meta name=\"twitter:data1\" content=\"5 minutes\" \/>\n<script type=\"application\/ld+json\" class=\"yoast-schema-graph\">{\"@context\":\"https:\/\/schema.org\",\"@graph\":[{\"@type\":\"WebPage\",\"@id\":\"https:\/\/terautorent.pt\/cookies-policy\/\",\"url\":\"https:\/\/terautorent.pt\/cookies-policy\/\",\"name\":\"Pol\u00edtica de cookies - TERAUTO RENT - A\u00e7ores | Just drive!\",\"isPartOf\":{\"@id\":\"https:\/\/terautorent.pt\/#website\"},\"primaryImageOfPage\":{\"@id\":\"https:\/\/terautorent.pt\/cookies-policy\/#primaryimage\"},\"image\":{\"@id\":\"https:\/\/terautorent.pt\/cookies-policy\/#primaryimage\"},\"thumbnailUrl\":\"https:\/\/terautorent.pt\/wp-content\/uploads\/2025\/04\/Terautorent-7.jpg\",\"datePublished\":\"2024-12-30T17:18:42+00:00\",\"dateModified\":\"2025-05-06T16:05:28+00:00\",\"breadcrumb\":{\"@id\":\"https:\/\/terautorent.pt\/cookies-policy\/#breadcrumb\"},\"inLanguage\":\"en-GB\",\"potentialAction\":[{\"@type\":\"ReadAction\",\"target\":[\"https:\/\/terautorent.pt\/cookies-policy\/\"]}]},{\"@type\":\"ImageObject\",\"inLanguage\":\"en-GB\",\"@id\":\"https:\/\/terautorent.pt\/cookies-policy\/#primaryimage\",\"url\":\"https:\/\/terautorent.pt\/wp-content\/uploads\/2025\/04\/Terautorent-7.jpg\",\"contentUrl\":\"https:\/\/terautorent.pt\/wp-content\/uploads\/2025\/04\/Terautorent-7.jpg\",\"width\":1920,\"height\":1279},{\"@type\":\"BreadcrumbList\",\"@id\":\"https:\/\/terautorent.pt\/cookies-policy\/#breadcrumb\",\"itemListElement\":[{\"@type\":\"ListItem\",\"position\":1,\"name\":\"In\u00edcio\",\"item\":\"https:\/\/terautorent.pt\/\"},{\"@type\":\"ListItem\",\"position\":2,\"name\":\"Pol\u00edtica de cookies\"}]},{\"@type\":\"WebSite\",\"@id\":\"https:\/\/terautorent.pt\/#website\",\"url\":\"https:\/\/terautorent.pt\/\",\"name\":\"TERAUTO RENT - A\u00e7ores | Just drive\",\"description\":\"Solu\u00e7\u00f5es de aluguer de viaturas nas ilhas Terceira, Faial e Pico\",\"publisher\":{\"@id\":\"https:\/\/terautorent.pt\/#organization\"},\"alternateName\":\"TERAUTO RENT\",\"potentialAction\":[{\"@type\":\"SearchAction\",\"target\":{\"@type\":\"EntryPoint\",\"urlTemplate\":\"https:\/\/terautorent.pt\/?s={search_term_string}\"},\"query-input\":{\"@type\":\"PropertyValueSpecification\",\"valueRequired\":true,\"valueName\":\"search_term_string\"}}],\"inLanguage\":\"en-GB\"},{\"@type\":\"Organization\",\"@id\":\"https:\/\/terautorent.pt\/#organization\",\"name\":\"TERAUTO RENT - A\u00e7ores | Just drive!\",\"alternateName\":\"TERAUTO RENT\",\"url\":\"https:\/\/terautorent.pt\/\",\"logo\":{\"@type\":\"ImageObject\",\"inLanguage\":\"en-GB\",\"@id\":\"https:\/\/terautorent.pt\/#\/schema\/logo\/image\/\",\"url\":\"https:\/\/terautorent.pt\/wp-content\/uploads\/2025\/04\/logo-terautorent-preto.webp\",\"contentUrl\":\"https:\/\/terautorent.pt\/wp-content\/uploads\/2025\/04\/logo-terautorent-preto.webp\",\"width\":787,\"height\":226,\"caption\":\"TERAUTO RENT - A\u00e7ores | Just drive!\"},\"image\":{\"@id\":\"https:\/\/terautorent.pt\/#\/schema\/logo\/image\/\"},\"sameAs\":[\"https:\/\/www.facebook.com\/terautorent\",\"https:\/\/www.instagram.com\/terautorent\"]}]}<\/script>\n<!-- \/ Yoast SEO plugin. -->","yoast_head_json":{"title":"Pol\u00edtica de cookies - TERAUTO RENT - A\u00e7ores | Just drive!","robots":{"index":"index","follow":"nofollow","max-snippet":"max-snippet:-1","max-image-preview":"max-image-preview:large","max-video-preview":"max-video-preview:-1"},"canonical":"https:\/\/terautorent.pt\/en\/cookies-policy\/","og_locale":"en_GB","og_type":"article","og_title":"Pol\u00edtica de cookies - TERAUTO RENT - A\u00e7ores | Just drive!","og_description":"Este website utiliza cookies para melhorar o seu servi\u00e7o.","og_url":"https:\/\/terautorent.pt\/en\/cookies-policy\/","og_site_name":"TERAUTO RENT - A\u00e7ores | Just drive!","article_publisher":"https:\/\/www.facebook.com\/terautorent","article_modified_time":"2025-05-06T16:05:28+00:00","og_image":[{"width":1920,"height":1279,"url":"https:\/\/terautorent.pt\/wp-content\/uploads\/2025\/04\/Terautorent-7.jpg","type":"image\/jpeg"}],"twitter_card":"summary_large_image","twitter_misc":{"Estimated reading time":"5 minutes"},"schema":{"@context":"https:\/\/schema.org","@graph":[{"@type":"WebPage","@id":"https:\/\/terautorent.pt\/cookies-policy\/","url":"https:\/\/terautorent.pt\/cookies-policy\/","name":"Pol\u00edtica de cookies - TERAUTO RENT - A\u00e7ores | Just drive!","isPartOf":{"@id":"https:\/\/terautorent.pt\/#website"},"primaryImageOfPage":{"@id":"https:\/\/terautorent.pt\/cookies-policy\/#primaryimage"},"image":{"@id":"https:\/\/terautorent.pt\/cookies-policy\/#primaryimage"},"thumbnailUrl":"https:\/\/terautorent.pt\/wp-content\/uploads\/2025\/04\/Terautorent-7.jpg","datePublished":"2024-12-30T17:18:42+00:00","dateModified":"2025-05-06T16:05:28+00:00","breadcrumb":{"@id":"https:\/\/terautorent.pt\/cookies-policy\/#breadcrumb"},"inLanguage":"en-GB","potentialAction":[{"@type":"ReadAction","target":["https:\/\/terautorent.pt\/cookies-policy\/"]}]},{"@type":"ImageObject","inLanguage":"en-GB","@id":"https:\/\/terautorent.pt\/cookies-policy\/#primaryimage","url":"https:\/\/terautorent.pt\/wp-content\/uploads\/2025\/04\/Terautorent-7.jpg","contentUrl":"https:\/\/terautorent.pt\/wp-content\/uploads\/2025\/04\/Terautorent-7.jpg","width":1920,"height":1279},{"@type":"BreadcrumbList","@id":"https:\/\/terautorent.pt\/cookies-policy\/#breadcrumb","itemListElement":[{"@type":"ListItem","position":1,"name":"In\u00edcio","item":"https:\/\/terautorent.pt\/"},{"@type":"ListItem","position":2,"name":"Pol\u00edtica de cookies"}]},{"@type":"WebSite","@id":"https:\/\/terautorent.pt\/#website","url":"https:\/\/terautorent.pt\/","name":"TERAUTO RENT - A\u00e7ores | Just drive","description":"Solu\u00e7\u00f5es de aluguer de viaturas nas ilhas Terceira, Faial e Pico","publisher":{"@id":"https:\/\/terautorent.pt\/#organization"},"alternateName":"TERAUTO RENT","potentialAction":[{"@type":"SearchAction","target":{"@type":"EntryPoint","urlTemplate":"https:\/\/terautorent.pt\/?s={search_term_string}"},"query-input":{"@type":"PropertyValueSpecification","valueRequired":true,"valueName":"search_term_string"}}],"inLanguage":"en-GB"},{"@type":"Organization","@id":"https:\/\/terautorent.pt\/#organization","name":"TERAUTO RENT - A\u00e7ores | Just drive!","alternateName":"TERAUTO RENT","url":"https:\/\/terautorent.pt\/","logo":{"@type":"ImageObject","inLanguage":"en-GB","@id":"https:\/\/terautorent.pt\/#\/schema\/logo\/image\/","url":"https:\/\/terautorent.pt\/wp-content\/uploads\/2025\/04\/logo-terautorent-preto.webp","contentUrl":"https:\/\/terautorent.pt\/wp-content\/uploads\/2025\/04\/logo-terautorent-preto.webp","width":787,"height":226,"caption":"TERAUTO RENT - A\u00e7ores | Just drive!"},"image":{"@id":"https:\/\/terautorent.pt\/#\/schema\/logo\/image\/"},"sameAs":["https:\/\/www.facebook.com\/terautorent","https:\/\/www.instagram.com\/terautorent"]}]}},"_links":{"self":[{"href":"https:\/\/terautorent.pt\/en\/wp-json\/wp\/v2\/pages\/3","targetHints":{"allow":["GET"]}}],"collection":[{"href":"https:\/\/terautorent.pt\/en\/wp-json\/wp\/v2\/pages"}],"about":[{"href":"https:\/\/terautorent.pt\/en\/wp-json\/wp\/v2\/types\/page"}],"author":[{"embeddable":true,"href":"https:\/\/terautorent.pt\/en\/wp-json\/wp\/v2\/users\/1"}],"replies":[{"embeddable":true,"href":"https:\/\/terautorent.pt\/en\/wp-json\/wp\/v2\/comments?post=3"}],"version-history":[{"count":0,"href":"https:\/\/terautorent.pt\/en\/wp-json\/wp\/v2\/pages\/3\/revisions"}],"wp:featuredmedia":[{"embeddable":true,"href":"https:\/\/terautorent.pt\/en\/wp-json\/wp\/v2\/media\/193"}],"wp:attachment":[{"href":"https:\/\/terautorent.pt\/en\/wp-json\/wp\/v2\/media?parent=3"}],"curies":[{"name":"wp","href":"https:\/\/api.w.org\/{rel}","templated":true}]}}